{"id":707,"date":"2026-05-07T10:00:00","date_gmt":"2026-05-07T03:00:00","guid":{"rendered":"https:\/\/binhancooling.com\/?post_type=product&amp;p=707"},"modified":"2026-05-07T10:00:00","modified_gmt":"2026-05-07T03:00:00","slug":"combo-dn-cbdnk048","status":"publish","type":"product","link":"https:\/\/binhancooling.com\/?product=combo-dn-cbdnk048","title":{"rendered":"Combo 48 Kh\u0103n L\u1ea1nh &#8211; Doanh Nghi\u1ec7p (t\u1eb7ng k\u00e8m 49 SP)"},"content":{"rendered":"<h2>CBDNK048 &#8211; Combo 48 Kh\u0103n L\u1ea1nh + T\u1ee7 42L (-20%)<\/h2>\n<p>Gi\u1ea3i ph\u00e1p l\u00e0m m\u00e1t kinh t\u1ebf cho c\u00f4ng ty quy m\u00f4 v\u1eeba &#8211; v\u0103n ph\u00f2ng, kho.<\/p>\n<h3>\ud83d\udce6 Bao g\u1ed3m 97 s\u1ea3n ph\u1ea9m<\/h3>\n<ul>\n<li>96 Kh\u0103n L\u1ea1nh \u0110i\u1ec1u H\u00f2a<\/li>\n<li>01 T\u1ee7 C\u1ea5p \u0110\u00f4ng 42L<\/li>\n<\/ul>\n<h3>\ud83d\udcb0 Gi\u00e1 tr\u1ecb<\/h3>\n<p>Gi\u00e1 l\u1ebb: 31.340.000\u0111 \u2192 Combo: <strong>25.000.000\u0111<\/strong> (gi\u1ea3m 6.340K, -20%)<\/p>\n","protected":false},"excerpt":{"rendered":"<p>Combo CBDNK048 &#8211; 96 kh\u0103n l\u1ea1nh + 01 T\u1ee7 c\u1ea5p \u0111\u00f4ng 42L (97 s\u1ea3n ph\u1ea9m). Gi\u00e1 \u01b0u \u0111\u00e3i: 25,000,000\u0111 (g\u1ed1c 31,340,000\u0111).<\/p>\n","protected":false},"featured_media":5091,"comment_status":"open","ping_status":"closed","template":"","meta":[],"product_brand":[],"product_cat":[126,120],"product_tag":[160,137,161,162],"class_list":{"0":"post-707","1":"product","2":"type-product","3":"status-publish","4":"has-post-thumbnail","6":"product_cat-combo-doanh-nghiep","7":"product_cat-combo","8":"product_tag-combo","9":"product_tag-doanh-nghiep","10":"product_tag-tiet-kiem","11":"product_tag-uu-dai","13":"first","14":"instock","15":"sale","16":"shipping-taxable","17":"purchasable","18":"product-type-simple"},"_links":{"self":[{"href":"https:\/\/binhancooling.com\/index.php?rest_route=\/wp\/v2\/product\/707","targetHints":{"allow":["GET"]}}],"collection":[{"href":"https:\/\/binhancooling.com\/index.php?rest_route=\/wp\/v2\/product"}],"about":[{"href":"https:\/\/binhancooling.com\/index.php?rest_route=\/wp\/v2\/types\/product"}],"replies":[{"embeddable":true,"href":"https:\/\/binhancooling.com\/index.php?rest_route=%2Fwp%2Fv2%2Fcomments&post=707"}],"wp:featuredmedia":[{"embeddable":true,"href":"https:\/\/binhancooling.com\/index.php?rest_route=\/wp\/v2\/media\/5091"}],"wp:attachment":[{"href":"https:\/\/binhancooling.com\/index.php?rest_route=%2Fwp%2Fv2%2Fmedia&parent=707"}],"wp:term":[{"taxonomy":"product_brand","embeddable":true,"href":"https:\/\/binhancooling.com\/index.php?rest_route=%2Fwp%2Fv2%2Fproduct_brand&post=707"},{"taxonomy":"product_cat","embeddable":true,"href":"https:\/\/binhancooling.com\/index.php?rest_route=%2Fwp%2Fv2%2Fproduct_cat&post=707"},{"taxonomy":"product_tag","embeddable":true,"href":"https:\/\/binhancooling.com\/index.php?rest_route=%2Fwp%2Fv2%2Fproduct_tag&post=707"}],"curies":[{"name":"wp","href":"https:\/\/api.w.org\/{rel}","templated":true}]}}