{"id":705,"date":"2026-05-07T10:00:00","date_gmt":"2026-05-07T03:00:00","guid":{"rendered":"https:\/\/binhancooling.com\/?post_type=product&amp;p=705"},"modified":"2026-05-07T10:00:00","modified_gmt":"2026-05-07T03:00:00","slug":"combo-dn-cbdng124","status":"publish","type":"product","link":"https:\/\/binhancooling.com\/?product=combo-dn-cbdng124","title":{"rendered":"Combo 24 \u00c1o R\u1eddi Gel &#8211; Doanh Nghi\u1ec7p (t\u1eb7ng k\u00e8m 321 SP)"},"content":{"rendered":"<h2>CBDNG124 &#8211; Combo 24 \u00c1o R\u1eddi Gel + 321 Ph\u1ee5 Ki\u1ec7n (-19%)<\/h2>\n<p>C\u00f4ng tr\u01b0\u1eddng l\u1edbn 24-48 NV.<\/p>\n<h3>\ud83d\udce6 Bao g\u1ed3m 345 s\u1ea3n ph\u1ea9m<\/h3>\n<ul>\n<li>24 \u00c1o R\u1eddi Gel tr\u1ea7n \u00f4<\/li>\n<li>160 Pin Gel<\/li>\n<li>160 T\u00fai Gi\u1eef Nhi\u1ec7t<\/li>\n<li>01 T\u1ee7 C\u1ea5p \u0110\u00f4ng 68L<\/li>\n<\/ul>\n<h3>\ud83d\udcb0 Gi\u00e1 tr\u1ecb<\/h3>\n<p>Gi\u00e1 l\u1ebb: 52.014.000\u0111 \u2192 Combo: <strong>41.900.000\u0111<\/strong> (gi\u1ea3m 10.114K, -19%)<\/p>\n","protected":false},"excerpt":{"rendered":"<p>Combo CBDNG124 &#8211; 24 \u00e1o r\u1eddi Gel tr\u1ea7n \u00f4 + 160 pin Gel + 160 t\u00fai gi\u1eef nhi\u1ec7t + 01 T\u1ee7 c\u1ea5p \u0111\u00f4ng 68L (345 s\u1ea3n ph\u1ea9m). Gi\u00e1 \u01b0u \u0111\u00e3i: 41,900,000\u0111 (g\u1ed1c 52,014,000\u0111).<\/p>\n","protected":false},"featured_media":5088,"comment_status":"open","ping_status":"closed","template":"","meta":[],"product_brand":[],"product_cat":[126,120],"product_tag":[160,137,161,162],"class_list":{"0":"post-705","1":"product","2":"type-product","3":"status-publish","4":"has-post-thumbnail","6":"product_cat-combo-doanh-nghiep","7":"product_cat-combo","8":"product_tag-combo","9":"product_tag-doanh-nghiep","10":"product_tag-tiet-kiem","11":"product_tag-uu-dai","13":"first","14":"instock","15":"sale","16":"shipping-taxable","17":"purchasable","18":"product-type-simple"},"_links":{"self":[{"href":"https:\/\/binhancooling.com\/index.php?rest_route=\/wp\/v2\/product\/705","targetHints":{"allow":["GET"]}}],"collection":[{"href":"https:\/\/binhancooling.com\/index.php?rest_route=\/wp\/v2\/product"}],"about":[{"href":"https:\/\/binhancooling.com\/index.php?rest_route=\/wp\/v2\/types\/product"}],"replies":[{"embeddable":true,"href":"https:\/\/binhancooling.com\/index.php?rest_route=%2Fwp%2Fv2%2Fcomments&post=705"}],"wp:featuredmedia":[{"embeddable":true,"href":"https:\/\/binhancooling.com\/index.php?rest_route=\/wp\/v2\/media\/5088"}],"wp:attachment":[{"href":"https:\/\/binhancooling.com\/index.php?rest_route=%2Fwp%2Fv2%2Fmedia&parent=705"}],"wp:term":[{"taxonomy":"product_brand","embeddable":true,"href":"https:\/\/binhancooling.com\/index.php?rest_route=%2Fwp%2Fv2%2Fproduct_brand&post=705"},{"taxonomy":"product_cat","embeddable":true,"href":"https:\/\/binhancooling.com\/index.php?rest_route=%2Fwp%2Fv2%2Fproduct_cat&post=705"},{"taxonomy":"product_tag","embeddable":true,"href":"https:\/\/binhancooling.com\/index.php?rest_route=%2Fwp%2Fv2%2Fproduct_tag&post=705"}],"curies":[{"name":"wp","href":"https:\/\/api.w.org\/{rel}","templated":true}]}}