{"id":607,"date":"2026-05-07T10:00:00","date_gmt":"2026-05-07T03:00:00","guid":{"rendered":"https:\/\/binhancooling.com\/?post_type=product&amp;p=607"},"modified":"2026-05-07T10:00:00","modified_gmt":"2026-05-07T03:00:00","slug":"combo-thoi-trang-tre-em-cbg1tf","status":"publish","type":"product","link":"https:\/\/binhancooling.com\/?product=combo-thoi-trang-tre-em-cbg1tf","title":{"rendered":"Combo \u00c1o Gile Th\u1eddi Trang\/\u00c1o Tr\u1ebb Em &#8211; Nam\/N\u1eef (mua 1 k\u00e8m 14 SP) &#8211; C\u00e1 Nh\u00e2n"},"content":{"rendered":"<h2>CBG1T(F) &#8211; Combo \u00c1o Th\u1eddi Trang\/Tr\u1ebb Em 18 SP (-32%)<\/h2>\n<p>Combo cho gia \u0111\u00ecnh c\u00f3 c\u1ea3 ng\u01b0\u1eddi l\u1edbn v\u00e0 tr\u1ebb em &#8211; \u0111\u1ea7y \u0111\u1ee7 pin xoay v\u00f2ng. Ph\u00f9 h\u1ee3p <strong>th\u1eddi trang Nam\/N\u1eef\/Tr\u1ebb em v\u1eadn \u0111\u1ed9ng nh\u1eb9 nh\u00e0ng<\/strong>.<\/p>\n<h3>\ud83d\udce6 Bao g\u1ed3m 18 s\u1ea3n ph\u1ea9m<\/h3>\n<ul>\n<li>01 \u00c1o R\u1eddi Gel (Th\u1eddi trang\/Tr\u1ebb em)<\/li>\n<li>02 B\u1ed9 Pin L\u1ea1nh (8 pin)<\/li>\n<li>01 H\u1ed9p Gi\u1eef L\u1ea1nh 2 \u00e1o<\/li>\n<li>03 Thanh L\u1ea1nh 500g<\/li>\n<li>08 T\u00fai Gi\u1eef Nhi\u1ec7t Ch\u1ed1ng \u1ea8m<\/li>\n<\/ul>\n<h3>\ud83d\udcb0 Gi\u00e1 tr\u1ecb<\/h3>\n<p>Gi\u00e1 l\u1ebb: 2.496.000\u0111 \u2192 Combo: <strong>1.690.000\u0111<\/strong> (gi\u1ea3m 806K, -32%)<\/p>\n","protected":false},"excerpt":{"rendered":"<p>Combo CBG1T-F &#8211; 01 \u00e1o R\u1edcI Gel + 02 B\u1ed9 Pin l\u1ea1nh (8 pin) + 01 H\u1ed9p gi\u1eef l\u1ea1nh 2 \u00e1o + 03 thanh l\u1ea1nh 500g + 08 t\u00fai gi\u1eef nhi\u1ec7t (18 s\u1ea3n ph\u1ea9m). Gi\u00e1 \u01b0u \u0111\u00e3i: 1,690,000\u0111 (g\u1ed1c 2,496,000\u0111).<\/p>\n","protected":false},"featured_media":5083,"comment_status":"open","ping_status":"closed","template":"","meta":[],"product_brand":[],"product_cat":[125,120],"product_tag":[163,160,161,162],"class_list":{"0":"post-607","1":"product","2":"type-product","3":"status-publish","4":"has-post-thumbnail","6":"product_cat-combo-ca-nhan","7":"product_cat-combo","8":"product_tag-ca-nhan","9":"product_tag-combo","10":"product_tag-tiet-kiem","11":"product_tag-uu-dai","13":"first","14":"instock","15":"sale","16":"shipping-taxable","17":"purchasable","18":"product-type-simple"},"_links":{"self":[{"href":"https:\/\/binhancooling.com\/index.php?rest_route=\/wp\/v2\/product\/607","targetHints":{"allow":["GET"]}}],"collection":[{"href":"https:\/\/binhancooling.com\/index.php?rest_route=\/wp\/v2\/product"}],"about":[{"href":"https:\/\/binhancooling.com\/index.php?rest_route=\/wp\/v2\/types\/product"}],"replies":[{"embeddable":true,"href":"https:\/\/binhancooling.com\/index.php?rest_route=%2Fwp%2Fv2%2Fcomments&post=607"}],"wp:featuredmedia":[{"embeddable":true,"href":"https:\/\/binhancooling.com\/index.php?rest_route=\/wp\/v2\/media\/5083"}],"wp:attachment":[{"href":"https:\/\/binhancooling.com\/index.php?rest_route=%2Fwp%2Fv2%2Fmedia&parent=607"}],"wp:term":[{"taxonomy":"product_brand","embeddable":true,"href":"https:\/\/binhancooling.com\/index.php?rest_route=%2Fwp%2Fv2%2Fproduct_brand&post=607"},{"taxonomy":"product_cat","embeddable":true,"href":"https:\/\/binhancooling.com\/index.php?rest_route=%2Fwp%2Fv2%2Fproduct_cat&post=607"},{"taxonomy":"product_tag","embeddable":true,"href":"https:\/\/binhancooling.com\/index.php?rest_route=%2Fwp%2Fv2%2Fproduct_tag&post=607"}],"curies":[{"name":"wp","href":"https:\/\/api.w.org\/{rel}","templated":true}]}}