{"id":606,"date":"2026-05-07T10:00:00","date_gmt":"2026-05-07T03:00:00","guid":{"rendered":"https:\/\/binhancooling.com\/?post_type=product&amp;p=606"},"modified":"2026-05-07T10:00:00","modified_gmt":"2026-05-07T03:00:00","slug":"combo-ao-4tui-cbg14","status":"publish","type":"product","link":"https:\/\/binhancooling.com\/?product=combo-ao-4tui-cbg14","title":{"rendered":"Combo \u00c1o Gile Cao C\u1ea5p 4 T\u00fai &#8211; Nam\/N\u1eef (mua 1 t\u1eb7ng 20 SP) &#8211; C\u00e1 Nh\u00e2n"},"content":{"rendered":"<h2>CBG14 &#8211; Combo \u00c1o Gile 4 T\u00fai Cao C\u1ea5p 21 SP (-25%) &#8211; FLAGSHIP<\/h2>\n<p>Combo cao c\u1ea5p nh\u1ea5t cho c\u00e1 nh\u00e2n chuy\u00ean nghi\u1ec7p &#8211; k\u1ef9 s\u01b0, nhi\u1ebfp \u1ea3nh, th\u00e1m hi\u1ec3m.<\/p>\n<h3>\ud83d\udce6 Bao g\u1ed3m 21 s\u1ea3n ph\u1ea9m<\/h3>\n<ul>\n<li>01 \u00c1o Gile 4 T\u00fai cao c\u1ea5p r\u1eddi Gel (M\u1eabu 12)<\/li>\n<li>02 B\u1ed9 Pin L\u1ea1nh (8 pin)<\/li>\n<li>01 H\u1ed9p Gi\u1eef L\u1ea1nh 2 \u00e1o<\/li>\n<li>03 Thanh L\u1ea1nh 350g<\/li>\n<li>08 T\u00fai Gi\u1eef Nhi\u1ec7t<\/li>\n<\/ul>\n<h3>\ud83d\udcb0 Gi\u00e1 tr\u1ecb<\/h3>\n<p>Gi\u00e1 l\u1ebb: 3.056.000\u0111 \u2192 Combo: <strong>2.290.000\u0111<\/strong> (gi\u1ea3m 766K, -25%)<\/p>\n","protected":false},"excerpt":{"rendered":"<p>Combo CBG14 &#8211; 01 \u00e1o r\u1eddi Gel + 02 B\u1ed9 Pin l\u1ea1nh (8 pin) + 01 H\u1ed9p gi\u1eef l\u1ea1nh 2 \u00e1o + 03 thanh l\u1ea1nh 350g + 08 t\u00fai gi\u1eef nhi\u1ec7t (21 s\u1ea3n ph\u1ea9m). Gi\u00e1 \u01b0u \u0111\u00e3i: 2,290,000\u0111 (g\u1ed1c 3,056,000\u0111).<\/p>\n","protected":false},"featured_media":5082,"comment_status":"open","ping_status":"closed","template":"","meta":[],"product_brand":[],"product_cat":[125,120],"product_tag":[163,160,161,162],"class_list":{"0":"post-606","1":"product","2":"type-product","3":"status-publish","4":"has-post-thumbnail","6":"product_cat-combo-ca-nhan","7":"product_cat-combo","8":"product_tag-ca-nhan","9":"product_tag-combo","10":"product_tag-tiet-kiem","11":"product_tag-uu-dai","13":"first","14":"instock","15":"sale","16":"shipping-taxable","17":"purchasable","18":"product-type-simple"},"_links":{"self":[{"href":"https:\/\/binhancooling.com\/index.php?rest_route=\/wp\/v2\/product\/606","targetHints":{"allow":["GET"]}}],"collection":[{"href":"https:\/\/binhancooling.com\/index.php?rest_route=\/wp\/v2\/product"}],"about":[{"href":"https:\/\/binhancooling.com\/index.php?rest_route=\/wp\/v2\/types\/product"}],"replies":[{"embeddable":true,"href":"https:\/\/binhancooling.com\/index.php?rest_route=%2Fwp%2Fv2%2Fcomments&post=606"}],"wp:featuredmedia":[{"embeddable":true,"href":"https:\/\/binhancooling.com\/index.php?rest_route=\/wp\/v2\/media\/5082"}],"wp:attachment":[{"href":"https:\/\/binhancooling.com\/index.php?rest_route=%2Fwp%2Fv2%2Fmedia&parent=606"}],"wp:term":[{"taxonomy":"product_brand","embeddable":true,"href":"https:\/\/binhancooling.com\/index.php?rest_route=%2Fwp%2Fv2%2Fproduct_brand&post=606"},{"taxonomy":"product_cat","embeddable":true,"href":"https:\/\/binhancooling.com\/index.php?rest_route=%2Fwp%2Fv2%2Fproduct_cat&post=606"},{"taxonomy":"product_tag","embeddable":true,"href":"https:\/\/binhancooling.com\/index.php?rest_route=%2Fwp%2Fv2%2Fproduct_tag&post=606"}],"curies":[{"name":"wp","href":"https:\/\/api.w.org\/{rel}","templated":true}]}}