{"id":605,"date":"2026-05-07T10:00:00","date_gmt":"2026-05-07T03:00:00","guid":{"rendered":"https:\/\/binhancooling.com\/?post_type=product&amp;p=605"},"modified":"2026-05-07T10:00:00","modified_gmt":"2026-05-07T03:00:00","slug":"combo-ao-2tui-cbg12","status":"publish","type":"product","link":"https:\/\/binhancooling.com\/?product=combo-ao-2tui-cbg12","title":{"rendered":"Combo \u00c1o Gile 2 T\u00fai &#8211; Nam\/N\u1eef (mua 1 t\u1eb7ng 20 SP) &#8211; C\u00e1 Nh\u00e2n"},"content":{"rendered":"<h2>CBG12 &#8211; Combo \u00c1o Gile 2 T\u00fai 21 SP (-26%)<\/h2>\n<p>Combo best seller cho <strong>c\u00f4ng tr\u01b0\u1eddng, c\u00f4ng x\u01b0\u1edfng<\/strong>.<\/p>\n<h3>\ud83d\udce6 Bao g\u1ed3m 21 s\u1ea3n ph\u1ea9m<\/h3>\n<ul>\n<li>01 \u00c1o Gile 2 T\u00fai r\u1eddi Gel (M\u1eabu 8)<\/li>\n<li>02 B\u1ed9 Pin L\u1ea1nh (8 pin)<\/li>\n<li>01 H\u1ed9p Gi\u1eef L\u1ea1nh 2 \u00e1o<\/li>\n<li>03 Thanh L\u1ea1nh 350g<\/li>\n<li>08 T\u00fai Gi\u1eef Nhi\u1ec7t<\/li>\n<\/ul>\n<h3>\ud83d\udcb0 Gi\u00e1 tr\u1ecb<\/h3>\n<p>Gi\u00e1 l\u1ebb: 2.956.000\u0111 \u2192 Combo: <strong>2.190.000\u0111<\/strong> (gi\u1ea3m 766K, -26%)<\/p>\n","protected":false},"excerpt":{"rendered":"<p>Combo CBG12 &#8211; 01 \u00e1o r\u1eddi Gel + 02 B\u1ed9 Pin l\u1ea1nh (8 pin) + 01 H\u1ed9p gi\u1eef l\u1ea1nh 2 \u00e1o + 03 thanh l\u1ea1nh 350g + 08 t\u00fai gi\u1eef nhi\u1ec7t (21 s\u1ea3n ph\u1ea9m). Gi\u00e1 \u01b0u \u0111\u00e3i: 2,190,000\u0111 (g\u1ed1c 2,956,000\u0111).<\/p>\n","protected":false},"featured_media":5081,"comment_status":"open","ping_status":"closed","template":"","meta":[],"product_brand":[],"product_cat":[125,120],"product_tag":[163,160,161,162],"class_list":{"0":"post-605","1":"product","2":"type-product","3":"status-publish","4":"has-post-thumbnail","6":"product_cat-combo-ca-nhan","7":"product_cat-combo","8":"product_tag-ca-nhan","9":"product_tag-combo","10":"product_tag-tiet-kiem","11":"product_tag-uu-dai","13":"first","14":"instock","15":"sale","16":"shipping-taxable","17":"purchasable","18":"product-type-simple"},"_links":{"self":[{"href":"https:\/\/binhancooling.com\/index.php?rest_route=\/wp\/v2\/product\/605","targetHints":{"allow":["GET"]}}],"collection":[{"href":"https:\/\/binhancooling.com\/index.php?rest_route=\/wp\/v2\/product"}],"about":[{"href":"https:\/\/binhancooling.com\/index.php?rest_route=\/wp\/v2\/types\/product"}],"replies":[{"embeddable":true,"href":"https:\/\/binhancooling.com\/index.php?rest_route=%2Fwp%2Fv2%2Fcomments&post=605"}],"wp:featuredmedia":[{"embeddable":true,"href":"https:\/\/binhancooling.com\/index.php?rest_route=\/wp\/v2\/media\/5081"}],"wp:attachment":[{"href":"https:\/\/binhancooling.com\/index.php?rest_route=%2Fwp%2Fv2%2Fmedia&parent=605"}],"wp:term":[{"taxonomy":"product_brand","embeddable":true,"href":"https:\/\/binhancooling.com\/index.php?rest_route=%2Fwp%2Fv2%2Fproduct_brand&post=605"},{"taxonomy":"product_cat","embeddable":true,"href":"https:\/\/binhancooling.com\/index.php?rest_route=%2Fwp%2Fv2%2Fproduct_cat&post=605"},{"taxonomy":"product_tag","embeddable":true,"href":"https:\/\/binhancooling.com\/index.php?rest_route=%2Fwp%2Fv2%2Fproduct_tag&post=605"}],"curies":[{"name":"wp","href":"https:\/\/api.w.org\/{rel}","templated":true}]}}