{"id":604,"date":"2026-05-07T10:00:00","date_gmt":"2026-05-07T03:00:00","guid":{"rendered":"https:\/\/binhancooling.com\/?post_type=product&amp;p=604"},"modified":"2026-05-07T10:00:00","modified_gmt":"2026-05-07T03:00:00","slug":"combo-ao-lung-cbg10","status":"publish","type":"product","link":"https:\/\/binhancooling.com\/?product=combo-ao-lung-cbg10","title":{"rendered":"Combo \u00c1o Gile L\u1eedng Tr\u1ea7n \u00d4 Vu\u00f4ng &#8211; Nam\/N\u1eef (mua 1 t\u1eb7ng 20 SP) &#8211; C\u00e1 Nh\u00e2n"},"content":{"rendered":"<h2>CBG10 &#8211; Combo \u00c1o Gile L\u1eedng Tr\u1ea7n \u00d4 Vu\u00f4ng 21 SP (-28%)<\/h2>\n<p>Combo d\u00e0nh cho <strong>c\u00f4ng tr\u01b0\u1eddng, c\u00f4ng x\u01b0\u1edfng, v\u1eadn \u0111\u1ed9ng li\u00ean t\u1ee5c<\/strong> &#8211; \u0111\u1ea7y \u0111\u1ee7 pin xoay v\u00f2ng c\u1ea3 ng\u00e0y.<\/p>\n<h3>\ud83d\udce6 Bao g\u1ed3m 21 s\u1ea3n ph\u1ea9m<\/h3>\n<ul>\n<li>01 \u00c1o r\u1eddi Gel L\u1eedng k\u1ebb \u00f4 (M\u1eabu 3)<\/li>\n<li>02 B\u1ed9 Pin L\u1ea1nh (8 pin)<\/li>\n<li>01 H\u1ed9p Gi\u1eef L\u1ea1nh 2 \u00e1o<\/li>\n<li>03 Thanh L\u1ea1nh 350g<\/li>\n<li>08 T\u00fai Gi\u1eef Nhi\u1ec7t Ch\u1ed1ng \u1ea8m<\/li>\n<\/ul>\n<h3>\ud83d\udcb0 Gi\u00e1 tr\u1ecb<\/h3>\n<p>Gi\u00e1 l\u1ebb: 2.756.000\u0111 \u2192 Combo: <strong>1.990.000\u0111<\/strong> (gi\u1ea3m 766K, -28%)<\/p>\n","protected":false},"excerpt":{"rendered":"<p>Combo CBG10 &#8211; 01 \u00e1o r\u1eddi gel + 02 B\u1ed9 Pin l\u1ea1nh (8 pin) + 01 H\u1ed9p gi\u1eef l\u1ea1nh 2 \u00e1o + 03 thanh l\u1ea1nh 350g + 08 t\u00fai gi\u1eef nhi\u1ec7t (21 s\u1ea3n ph\u1ea9m). Gi\u00e1 \u01b0u \u0111\u00e3i: 1,990,000\u0111 (g\u1ed1c 2,756,000\u0111).<\/p>\n","protected":false},"featured_media":5080,"comment_status":"open","ping_status":"closed","template":"","meta":[],"product_brand":[],"product_cat":[125,120],"product_tag":[163,160,161,162],"class_list":{"0":"post-604","1":"product","2":"type-product","3":"status-publish","4":"has-post-thumbnail","6":"product_cat-combo-ca-nhan","7":"product_cat-combo","8":"product_tag-ca-nhan","9":"product_tag-combo","10":"product_tag-tiet-kiem","11":"product_tag-uu-dai","13":"first","14":"instock","15":"sale","16":"shipping-taxable","17":"purchasable","18":"product-type-simple"},"_links":{"self":[{"href":"https:\/\/binhancooling.com\/index.php?rest_route=\/wp\/v2\/product\/604","targetHints":{"allow":["GET"]}}],"collection":[{"href":"https:\/\/binhancooling.com\/index.php?rest_route=\/wp\/v2\/product"}],"about":[{"href":"https:\/\/binhancooling.com\/index.php?rest_route=\/wp\/v2\/types\/product"}],"replies":[{"embeddable":true,"href":"https:\/\/binhancooling.com\/index.php?rest_route=%2Fwp%2Fv2%2Fcomments&post=604"}],"wp:featuredmedia":[{"embeddable":true,"href":"https:\/\/binhancooling.com\/index.php?rest_route=\/wp\/v2\/media\/5080"}],"wp:attachment":[{"href":"https:\/\/binhancooling.com\/index.php?rest_route=%2Fwp%2Fv2%2Fmedia&parent=604"}],"wp:term":[{"taxonomy":"product_brand","embeddable":true,"href":"https:\/\/binhancooling.com\/index.php?rest_route=%2Fwp%2Fv2%2Fproduct_brand&post=604"},{"taxonomy":"product_cat","embeddable":true,"href":"https:\/\/binhancooling.com\/index.php?rest_route=%2Fwp%2Fv2%2Fproduct_cat&post=604"},{"taxonomy":"product_tag","embeddable":true,"href":"https:\/\/binhancooling.com\/index.php?rest_route=%2Fwp%2Fv2%2Fproduct_tag&post=604"}],"curies":[{"name":"wp","href":"https:\/\/api.w.org\/{rel}","templated":true}]}}