{"id":601,"date":"2026-05-07T10:00:00","date_gmt":"2026-05-07T03:00:00","guid":{"rendered":"https:\/\/binhancooling.com\/?post_type=product&amp;p=601"},"modified":"2026-05-07T10:00:00","modified_gmt":"2026-05-07T03:00:00","slug":"combo-khan-lanh-cbk01","status":"publish","type":"product","link":"https:\/\/binhancooling.com\/?product=combo-khan-lanh-cbk01","title":{"rendered":"Combo Kh\u0103n L\u1ea1nh &#8211; Nam\/N\u1eef (mua 1 k\u00e8m 2 SP) &#8211; C\u00e1 Nh\u00e2n"},"content":{"rendered":"<h2>CBK01 &#8211; Combo Kh\u0103n L\u1ea1nh 3 S\u1ea3n Ph\u1ea9m (-40%)<\/h2>\n<p>Combo c\u00e1 nh\u00e2n gi\u00e1 r\u1ebb nh\u1ea5t \u2013 \u0111\u1ea7y \u0111\u1ee7 ph\u1ee5 ki\u1ec7n c\u01a1 b\u1ea3n \u0111\u1ec3 b\u1eaft \u0111\u1ea7u tr\u1ea3i nghi\u1ec7m l\u00e0m m\u00e1t c\u00f4ng ngh\u1ec7 pin gel.<\/p>\n<h3>\ud83d\udce6 Bao g\u1ed3m 3 s\u1ea3n ph\u1ea9m<\/h3>\n<ul>\n<li>01 Kh\u0103n L\u1ea1nh \u0110i\u1ec1u H\u00f2a (10 m\u00e0u l\u1ef1a ch\u1ecdn)<\/li>\n<li>01 T\u00fai Gi\u1eef L\u1ea1nh<\/li>\n<li>01 Thanh L\u1ea1nh 350g<\/li>\n<\/ul>\n<h3>\ud83d\udc65 \u0110\u1ed1i t\u01b0\u1ee3ng<\/h3>\n<p>M\u1ecdi \u0111\u1ed1i t\u01b0\u1ee3ng &#8211; ch\u1ed1ng n\u00f3ng, l\u00e0m m\u00e1t c\u01a1 th\u1ec3.<\/p>\n<h3>\ud83d\udcb0 Gi\u00e1 tr\u1ecb<\/h3>\n<p>Gi\u00e1 l\u1ebb: 530.000\u0111 \u2192 Combo: <strong>320.000\u0111<\/strong> (gi\u1ea3m 210K, -40%)<\/p>\n","protected":false},"excerpt":{"rendered":"<p>Combo CBK01 &#8211; 01 kh\u0103n + 01 t\u00fai gi\u1eef l\u1ea1nh + 01 thanh l\u1ea1nh 350g (3 s\u1ea3n ph\u1ea9m). Gi\u00e1 \u01b0u \u0111\u00e3i: 320,000\u0111 (g\u1ed1c 530,000\u0111).<\/p>\n","protected":false},"featured_media":5077,"comment_status":"open","ping_status":"closed","template":"","meta":[],"product_brand":[],"product_cat":[125,120],"product_tag":[163,160,161,162],"class_list":{"0":"post-601","1":"product","2":"type-product","3":"status-publish","4":"has-post-thumbnail","6":"product_cat-combo-ca-nhan","7":"product_cat-combo","8":"product_tag-ca-nhan","9":"product_tag-combo","10":"product_tag-tiet-kiem","11":"product_tag-uu-dai","13":"first","14":"instock","15":"sale","16":"shipping-taxable","17":"purchasable","18":"product-type-simple"},"_links":{"self":[{"href":"https:\/\/binhancooling.com\/index.php?rest_route=\/wp\/v2\/product\/601","targetHints":{"allow":["GET"]}}],"collection":[{"href":"https:\/\/binhancooling.com\/index.php?rest_route=\/wp\/v2\/product"}],"about":[{"href":"https:\/\/binhancooling.com\/index.php?rest_route=\/wp\/v2\/types\/product"}],"replies":[{"embeddable":true,"href":"https:\/\/binhancooling.com\/index.php?rest_route=%2Fwp%2Fv2%2Fcomments&post=601"}],"wp:featuredmedia":[{"embeddable":true,"href":"https:\/\/binhancooling.com\/index.php?rest_route=\/wp\/v2\/media\/5077"}],"wp:attachment":[{"href":"https:\/\/binhancooling.com\/index.php?rest_route=%2Fwp%2Fv2%2Fmedia&parent=601"}],"wp:term":[{"taxonomy":"product_brand","embeddable":true,"href":"https:\/\/binhancooling.com\/index.php?rest_route=%2Fwp%2Fv2%2Fproduct_brand&post=601"},{"taxonomy":"product_cat","embeddable":true,"href":"https:\/\/binhancooling.com\/index.php?rest_route=%2Fwp%2Fv2%2Fproduct_cat&post=601"},{"taxonomy":"product_tag","embeddable":true,"href":"https:\/\/binhancooling.com\/index.php?rest_route=%2Fwp%2Fv2%2Fproduct_tag&post=601"}],"curies":[{"name":"wp","href":"https:\/\/api.w.org\/{rel}","templated":true}]}}