{"id":5113,"date":"2026-05-07T10:00:00","date_gmt":"2026-05-07T03:00:00","guid":{"rendered":"https:\/\/binhancooling.com\/?post_type=product&amp;p=120"},"modified":"2026-05-07T10:00:00","modified_gmt":"2026-05-07T03:00:00","slug":"tu-bao-on","status":"publish","type":"product","link":"https:\/\/binhancooling.com\/?product=tu-bao-on","title":{"rendered":"T\u1ee7 B\u1ea3o \u00d4n \/ T\u1ee7 C\u1ea5p \u0110\u00f4ng (Doanh Nghi\u1ec7p)"},"content":{"rendered":"<h2>T\u1ee7 B\u1ea3o \u00d4n C\u1ea5p \u0110\u00f4ng &#8211; Gi\u1ea3i Ph\u00e1p B2B<\/h2>\n<p>T\u1ee7 c\u1ea5p \u0111\u00f4ng chuy\u00ean d\u00f9ng cho doanh nghi\u1ec7p c\u00f3 nhi\u1ec1u \u00e1o \u0111i\u1ec1u h\u00f2a pin gel c\u1ea7n s\u1ea1c l\u1ea1nh \u0111\u1ed3ng lo\u1ea1t.<\/p>\n<ul>\n<li>Nhi\u1ec7t \u0111\u1ed9 -5\u00b0C \u0111\u1ebfn -21\u00b0C<\/li>\n<li>Dung t\u00edch 42L s\u1ea1c 12-24 \u00e1o<\/li>\n<li>Dung t\u00edch 68L s\u1ea1c 24-48 \u00e1o<\/li>\n<li>Dung t\u00edch 138L s\u1ea1c 36-72 \u00e1o<\/li>\n<li>B\u1ea3o h\u00e0nh 24 th\u00e1ng<\/li>\n<\/ul>\n","protected":false},"excerpt":{"rendered":"<p>T\u1ee7 b\u1ea3o \u00f4n B\u00ecnh An &#8211; s\u1ea1c l\u1ea1nh \u00e1o \u0111i\u1ec1u h\u00f2a s\u1ed1 l\u1edbn. 3 dung t\u00edch: 42L\/68L\/138L.<\/p>\n","protected":false},"featured_media":5076,"comment_status":"open","ping_status":"closed","template":"","meta":[],"product_brand":[],"product_cat":[119],"product_tag":[156,99,155],"class_list":{"0":"post-5113","1":"product","2":"type-product","3":"status-publish","4":"has-post-thumbnail","6":"product_cat-phu-kien","7":"product_tag-b2b","8":"product_tag-tu-bao-on","9":"product_tag-tu-cap-dong","10":"pa_kich-co-138l","11":"pa_kich-co-42l","12":"pa_kich-co-68l","14":"first","15":"instock","16":"shipping-taxable","17":"purchasable","18":"product-type-variable"},"_links":{"self":[{"href":"https:\/\/binhancooling.com\/index.php?rest_route=\/wp\/v2\/product\/5113","targetHints":{"allow":["GET"]}}],"collection":[{"href":"https:\/\/binhancooling.com\/index.php?rest_route=\/wp\/v2\/product"}],"about":[{"href":"https:\/\/binhancooling.com\/index.php?rest_route=\/wp\/v2\/types\/product"}],"replies":[{"embeddable":true,"href":"https:\/\/binhancooling.com\/index.php?rest_route=%2Fwp%2Fv2%2Fcomments&post=5113"}],"wp:featuredmedia":[{"embeddable":true,"href":"https:\/\/binhancooling.com\/index.php?rest_route=\/wp\/v2\/media\/5076"}],"wp:attachment":[{"href":"https:\/\/binhancooling.com\/index.php?rest_route=%2Fwp%2Fv2%2Fmedia&parent=5113"}],"wp:term":[{"taxonomy":"product_brand","embeddable":true,"href":"https:\/\/binhancooling.com\/index.php?rest_route=%2Fwp%2Fv2%2Fproduct_brand&post=5113"},{"taxonomy":"product_cat","embeddable":true,"href":"https:\/\/binhancooling.com\/index.php?rest_route=%2Fwp%2Fv2%2Fproduct_cat&post=5113"},{"taxonomy":"product_tag","embeddable":true,"href":"https:\/\/binhancooling.com\/index.php?rest_route=%2Fwp%2Fv2%2Fproduct_tag&post=5113"}],"curies":[{"name":"wp","href":"https:\/\/api.w.org\/{rel}","templated":true}]}}