{"id":5108,"date":"2026-05-07T10:00:00","date_gmt":"2026-05-07T03:00:00","guid":{"rendered":"https:\/\/binhancooling.com\/?post_type=product&amp;p=115"},"modified":"2026-05-07T10:00:00","modified_gmt":"2026-05-07T03:00:00","slug":"tui-gel-pin-nap-giu-lanh","status":"publish","type":"product","link":"https:\/\/binhancooling.com\/?product=tui-gel-pin-nap-giu-lanh","title":{"rendered":"T\u00fai Gel Pin N\u1ea1p &#038; Gi\u1eef L\u1ea1nh"},"content":{"rendered":"<h2>T\u00fai Gel Pin N\u1ea1p &#038; Gi\u1eef L\u1ea1nh<\/h2>\n<p>T\u00fai gel pin chu\u1ea9n B\u00ecnh An &#8211; d\u00f9ng \u0111\u1ec3 b\u1ecdc pin gel khi c\u1ea5t trong t\u1ee7 l\u1ea1nh ho\u1eb7c mang theo ng\u01b0\u1eddi.<\/p>\n","protected":false},"excerpt":{"rendered":"<p>T\u00fai gel pin n\u1ea1p v\u00e0 gi\u1eef l\u1ea1nh B\u00ecnh An &#8211; nh\u1ecf g\u1ecdn, mang theo d\u1ec5 d\u00e0ng.<\/p>\n","protected":false},"featured_media":5071,"comment_status":"open","ping_status":"closed","template":"","meta":[],"product_brand":[],"product_cat":[119],"product_tag":[145,150],"class_list":{"0":"post-5108","1":"product","2":"type-product","3":"status-publish","4":"has-post-thumbnail","6":"product_cat-phu-kien","7":"product_tag-phu-kien","8":"product_tag-tui-gel-pin","10":"first","11":"instock","12":"shipping-taxable","13":"purchasable","14":"product-type-simple"},"_links":{"self":[{"href":"https:\/\/binhancooling.com\/index.php?rest_route=\/wp\/v2\/product\/5108","targetHints":{"allow":["GET"]}}],"collection":[{"href":"https:\/\/binhancooling.com\/index.php?rest_route=\/wp\/v2\/product"}],"about":[{"href":"https:\/\/binhancooling.com\/index.php?rest_route=\/wp\/v2\/types\/product"}],"replies":[{"embeddable":true,"href":"https:\/\/binhancooling.com\/index.php?rest_route=%2Fwp%2Fv2%2Fcomments&post=5108"}],"wp:featuredmedia":[{"embeddable":true,"href":"https:\/\/binhancooling.com\/index.php?rest_route=\/wp\/v2\/media\/5071"}],"wp:attachment":[{"href":"https:\/\/binhancooling.com\/index.php?rest_route=%2Fwp%2Fv2%2Fmedia&parent=5108"}],"wp:term":[{"taxonomy":"product_brand","embeddable":true,"href":"https:\/\/binhancooling.com\/index.php?rest_route=%2Fwp%2Fv2%2Fproduct_brand&post=5108"},{"taxonomy":"product_cat","embeddable":true,"href":"https:\/\/binhancooling.com\/index.php?rest_route=%2Fwp%2Fv2%2Fproduct_cat&post=5108"},{"taxonomy":"product_tag","embeddable":true,"href":"https:\/\/binhancooling.com\/index.php?rest_route=%2Fwp%2Fv2%2Fproduct_tag&post=5108"}],"curies":[{"name":"wp","href":"https:\/\/api.w.org\/{rel}","templated":true}]}}