{"id":5107,"date":"2026-05-07T10:00:00","date_gmt":"2026-05-07T03:00:00","guid":{"rendered":"https:\/\/binhancooling.com\/?post_type=product&amp;p=114"},"modified":"2026-05-07T10:00:00","modified_gmt":"2026-05-07T03:00:00","slug":"thanh-pin-nap-giu-lanh","status":"publish","type":"product","link":"https:\/\/binhancooling.com\/?product=thanh-pin-nap-giu-lanh","title":{"rendered":"Thanh Pin N\u1ea1p &#038; Gi\u1eef L\u1ea1nh"},"content":{"rendered":"<h2>Thanh Pin N\u1ea1p &#038; Gi\u1eef L\u1ea1nh<\/h2>\n<p>Thanh pin chuy\u00ean d\u1ee5ng \u0111\u1eb7t c\u00f9ng pin gel trong t\u00fai\/h\u1ed9p gi\u1eef l\u1ea1nh \u0111\u1ec3 duy tr\u00ec nhi\u1ec7t \u0111\u1ed9 l\u1ea1nh khi mang theo ngo\u00e0i tr\u1eddi. C\u00f3 350g, 500g.<\/p>\n<ul>\n<li>V\u1eadt li\u1ec7u c\u1ea5p \u0111\u00f4ng an to\u00e0n<\/li>\n<li>K\u00e9o d\u00e0i gi\u1eef l\u1ea1nh pin gel th\u00eam 6-12 gi\u1edd<\/li>\n<\/ul>\n","protected":false},"excerpt":{"rendered":"<p>Thanh pin n\u1ea1p v\u00e0 gi\u1eef l\u1ea1nh B\u00ecnh An &#8211; k\u00e8m t\u00fai\/h\u1ed9p gi\u1eef l\u1ea1nh \u0111\u1ec3 duy tr\u00ec nhi\u1ec7t \u0111\u1ed9 pin.<\/p>\n","protected":false},"featured_media":5070,"comment_status":"open","ping_status":"closed","template":"","meta":[],"product_brand":[],"product_cat":[119],"product_tag":[149,148],"class_list":{"0":"post-5107","1":"product","2":"type-product","3":"status-publish","4":"has-post-thumbnail","6":"product_cat-phu-kien","7":"product_tag-phu-kien-hop-lanh","8":"product_tag-thanh-pin","10":"first","11":"instock","12":"shipping-taxable","13":"purchasable","14":"product-type-simple"},"_links":{"self":[{"href":"https:\/\/binhancooling.com\/index.php?rest_route=\/wp\/v2\/product\/5107","targetHints":{"allow":["GET"]}}],"collection":[{"href":"https:\/\/binhancooling.com\/index.php?rest_route=\/wp\/v2\/product"}],"about":[{"href":"https:\/\/binhancooling.com\/index.php?rest_route=\/wp\/v2\/types\/product"}],"replies":[{"embeddable":true,"href":"https:\/\/binhancooling.com\/index.php?rest_route=%2Fwp%2Fv2%2Fcomments&post=5107"}],"wp:featuredmedia":[{"embeddable":true,"href":"https:\/\/binhancooling.com\/index.php?rest_route=\/wp\/v2\/media\/5070"}],"wp:attachment":[{"href":"https:\/\/binhancooling.com\/index.php?rest_route=%2Fwp%2Fv2%2Fmedia&parent=5107"}],"wp:term":[{"taxonomy":"product_brand","embeddable":true,"href":"https:\/\/binhancooling.com\/index.php?rest_route=%2Fwp%2Fv2%2Fproduct_brand&post=5107"},{"taxonomy":"product_cat","embeddable":true,"href":"https:\/\/binhancooling.com\/index.php?rest_route=%2Fwp%2Fv2%2Fproduct_cat&post=5107"},{"taxonomy":"product_tag","embeddable":true,"href":"https:\/\/binhancooling.com\/index.php?rest_route=%2Fwp%2Fv2%2Fproduct_tag&post=5107"}],"curies":[{"name":"wp","href":"https:\/\/api.w.org\/{rel}","templated":true}]}}