{"id":5105,"date":"2026-05-07T10:00:00","date_gmt":"2026-05-07T03:00:00","guid":{"rendered":"https:\/\/binhancooling.com\/?post_type=product&amp;p=112"},"modified":"2026-05-07T10:00:00","modified_gmt":"2026-05-07T03:00:00","slug":"gel-roi-1-pin-gel-to","status":"publish","type":"product","link":"https:\/\/binhancooling.com\/?product=gel-roi-1-pin-gel-to","title":{"rendered":"Gel R\u1eddi 1 Pin Gel To"},"content":{"rendered":"<h2>Gel R\u1eddi 1 Pin Gel To<\/h2>\n<p>Pin gel k\u00edch th\u01b0\u1edbc to chu\u1ea9n B\u00ecnh An &#8211; mua l\u1ebb thay th\u1ebf ho\u1eb7c b\u1ed5 sung.<\/p>\n<ul>\n<li>K\u00edch th\u01b0\u1edbc to (cho \u00e1o 2 t\u00fai\/4 t\u00fai)<\/li>\n<li>T\u00e1i s\u1eed d\u1ee5ng nhi\u1ec1u l\u1ea7n<\/li>\n<\/ul>\n","protected":false},"excerpt":{"rendered":"<p>1 pin gel to B\u00ecnh An &#8211; mua l\u1ebb thay th\u1ebf khi pin c\u0169 h\u1ecfng. D\u00f9ng cho \u00e1o gile 2 t\u00fai\/4 t\u00fai.<\/p>\n","protected":false},"featured_media":5068,"comment_status":"open","ping_status":"closed","template":"","meta":[],"product_brand":[],"product_cat":[119],"product_tag":[145,146],"class_list":{"0":"post-5105","1":"product","2":"type-product","3":"status-publish","4":"has-post-thumbnail","6":"product_cat-phu-kien","7":"product_tag-phu-kien","8":"product_tag-pin-gel-to","10":"first","11":"instock","12":"shipping-taxable","13":"purchasable","14":"product-type-simple"},"_links":{"self":[{"href":"https:\/\/binhancooling.com\/index.php?rest_route=\/wp\/v2\/product\/5105","targetHints":{"allow":["GET"]}}],"collection":[{"href":"https:\/\/binhancooling.com\/index.php?rest_route=\/wp\/v2\/product"}],"about":[{"href":"https:\/\/binhancooling.com\/index.php?rest_route=\/wp\/v2\/types\/product"}],"replies":[{"embeddable":true,"href":"https:\/\/binhancooling.com\/index.php?rest_route=%2Fwp%2Fv2%2Fcomments&post=5105"}],"wp:featuredmedia":[{"embeddable":true,"href":"https:\/\/binhancooling.com\/index.php?rest_route=\/wp\/v2\/media\/5068"}],"wp:attachment":[{"href":"https:\/\/binhancooling.com\/index.php?rest_route=%2Fwp%2Fv2%2Fmedia&parent=5105"}],"wp:term":[{"taxonomy":"product_brand","embeddable":true,"href":"https:\/\/binhancooling.com\/index.php?rest_route=%2Fwp%2Fv2%2Fproduct_brand&post=5105"},{"taxonomy":"product_cat","embeddable":true,"href":"https:\/\/binhancooling.com\/index.php?rest_route=%2Fwp%2Fv2%2Fproduct_cat&post=5105"},{"taxonomy":"product_tag","embeddable":true,"href":"https:\/\/binhancooling.com\/index.php?rest_route=%2Fwp%2Fv2%2Fproduct_tag&post=5105"}],"curies":[{"name":"wp","href":"https:\/\/api.w.org\/{rel}","templated":true}]}}