{"id":5104,"date":"2026-05-07T10:00:00","date_gmt":"2026-05-07T03:00:00","guid":{"rendered":"https:\/\/binhancooling.com\/?post_type=product&amp;p=111"},"modified":"2026-05-07T10:00:00","modified_gmt":"2026-05-07T03:00:00","slug":"gel-roi-bo-4-pin-gel","status":"publish","type":"product","link":"https:\/\/binhancooling.com\/?product=gel-roi-bo-4-pin-gel","title":{"rendered":"Gel R\u1eddi B\u1ed9 4 Pin Gel"},"content":{"rendered":"<h2>Gel R\u1eddi B\u1ed9 4 Pin Gel<\/h2>\n<p>B\u1ed9 4 pin gel B\u00ecnh An Cooling l\u00e0 ph\u1ee5 ki\u1ec7n kh\u00f4ng th\u1ec3 thi\u1ebfu \u0111\u1ec3 xoay v\u00f2ng s\u1eed d\u1ee5ng \u00e1o gel r\u1eddi c\u1ea3 ng\u00e0y l\u00e0m vi\u1ec7c.<\/p>\n<ul>\n<li>4 pin gel chu\u1ea9n B\u00ecnh An<\/li>\n<li>V\u1eadt li\u1ec7u gel an to\u00e0n, \u0111\u1ea1t chu\u1ea9n RoHS<\/li>\n<li>S\u1ea1c l\u1ea1nh trong ng\u0103n \u0111\u00f4ng 5-8 gi\u1edd<\/li>\n<li>T\u00e1i s\u1eed d\u1ee5ng h\u00e0ng ngh\u00ecn l\u1ea7n<\/li>\n<\/ul>\n","protected":false},"excerpt":{"rendered":"<p>B\u1ed9 4 pin gel r\u1eddi B\u00ecnh An &#8211; ph\u1ee5 ki\u1ec7n thay th\u1ebf cho \u00e1o gel r\u1eddi, s\u1ea1c nhanh, t\u00e1i s\u1eed d\u1ee5ng ngh\u00ecn l\u1ea7n.<\/p>\n","protected":false},"featured_media":5067,"comment_status":"open","ping_status":"closed","template":"","meta":[],"product_brand":[],"product_cat":[119],"product_tag":[95,145,94],"class_list":{"0":"post-5104","1":"product","2":"type-product","3":"status-publish","4":"has-post-thumbnail","6":"product_cat-phu-kien","7":"product_tag-gel-roi","8":"product_tag-phu-kien","9":"product_tag-pin-gel","11":"first","12":"instock","13":"shipping-taxable","14":"purchasable","15":"product-type-simple"},"_links":{"self":[{"href":"https:\/\/binhancooling.com\/index.php?rest_route=\/wp\/v2\/product\/5104","targetHints":{"allow":["GET"]}}],"collection":[{"href":"https:\/\/binhancooling.com\/index.php?rest_route=\/wp\/v2\/product"}],"about":[{"href":"https:\/\/binhancooling.com\/index.php?rest_route=\/wp\/v2\/types\/product"}],"replies":[{"embeddable":true,"href":"https:\/\/binhancooling.com\/index.php?rest_route=%2Fwp%2Fv2%2Fcomments&post=5104"}],"wp:featuredmedia":[{"embeddable":true,"href":"https:\/\/binhancooling.com\/index.php?rest_route=\/wp\/v2\/media\/5067"}],"wp:attachment":[{"href":"https:\/\/binhancooling.com\/index.php?rest_route=%2Fwp%2Fv2%2Fmedia&parent=5104"}],"wp:term":[{"taxonomy":"product_brand","embeddable":true,"href":"https:\/\/binhancooling.com\/index.php?rest_route=%2Fwp%2Fv2%2Fproduct_brand&post=5104"},{"taxonomy":"product_cat","embeddable":true,"href":"https:\/\/binhancooling.com\/index.php?rest_route=%2Fwp%2Fv2%2Fproduct_cat&post=5104"},{"taxonomy":"product_tag","embeddable":true,"href":"https:\/\/binhancooling.com\/index.php?rest_route=%2Fwp%2Fv2%2Fproduct_tag&post=5104"}],"curies":[{"name":"wp","href":"https:\/\/api.w.org\/{rel}","templated":true}]}}